{"id":2637,"date":"2025-12-11T16:07:33","date_gmt":"2025-12-11T14:07:33","guid":{"rendered":"https:\/\/www.masduvallat.com\/soutenons-le-patrimoine\/"},"modified":"2025-12-11T17:32:19","modified_gmt":"2025-12-11T15:32:19","slug":"supporting-our-heritage","status":"publish","type":"page","link":"https:\/\/www.masduvallat.com\/en\/supporting-our-heritage\/","title":{"rendered":"Supporting our heritage"},"content":{"rendered":"\t\t<div data-elementor-type=\"wp-page\" data-elementor-id=\"2637\" class=\"elementor elementor-2637 elementor-2592\" data-elementor-post-type=\"page\">\n\t\t\t\t<div data-dce-background-image-url=\"https:\/\/www.masduvallat.com\/wp-content\/uploads\/2024\/10\/mas-du-vallat-parc-01.webp\" class=\"elementor-element elementor-element-7a60eaa0 e-con-full e-flex e-con e-parent\" data-id=\"7a60eaa0\" data-element_type=\"container\" data-e-type=\"container\" data-settings=\"{&quot;background_background&quot;:&quot;classic&quot;}\">\n\t\t\t\t<div data-dce-title-color=\"#FFFFFF\" class=\"elementor-element elementor-element-54fbf548 elementor-widget elementor-widget-heading\" data-id=\"54fbf548\" data-element_type=\"widget\" data-e-type=\"widget\" data-widget_type=\"heading.default\">\n\t\t\t\t<div class=\"elementor-widget-container\">\n\t\t\t\t\t<h1 class=\"elementor-heading-title elementor-size-default\">Supporting our heritage<\/h1>\t\t\t\t<\/div>\n\t\t\t\t<\/div>\n\t\t\t\t<\/div>\n\t\t<div class=\"elementor-element elementor-element-22dc61f6 e-con-full e-flex e-con e-parent\" data-id=\"22dc61f6\" data-element_type=\"container\" data-e-type=\"container\" data-settings=\"{&quot;background_background&quot;:&quot;classic&quot;}\">\n\t\t<div data-dce-background-overlay-image-url=\"https:\/\/www.masduvallat.com\/wp-content\/uploads\/2025\/12\/illustration-chambres-le-mas-du-vallat.jpg\" class=\"elementor-element elementor-element-267d5018 e-con-full e-flex e-con e-child\" data-id=\"267d5018\" data-element_type=\"container\" data-e-type=\"container\">\n\t\t\t\t<div class=\"elementor-element elementor-element-265cbd54 elementor-widget elementor-widget-image-carousel\" data-id=\"265cbd54\" data-element_type=\"widget\" data-e-type=\"widget\" data-settings=\"{&quot;slides_to_show&quot;:&quot;1&quot;,&quot;navigation&quot;:&quot;none&quot;,&quot;autoplay&quot;:&quot;yes&quot;,&quot;pause_on_hover&quot;:&quot;yes&quot;,&quot;pause_on_interaction&quot;:&quot;yes&quot;,&quot;autoplay_speed&quot;:5000,&quot;infinite&quot;:&quot;yes&quot;,&quot;effect&quot;:&quot;slide&quot;,&quot;speed&quot;:500}\" data-widget_type=\"image-carousel.default\">\n\t\t\t\t<div class=\"elementor-widget-container\">\n\t\t\t\t\t\t\t<div class=\"elementor-image-carousel-wrapper swiper\" role=\"region\" aria-roledescription=\"carousel\" aria-label=\"Carrousel d\u2019images\" dir=\"ltr\">\n\t\t\t<div class=\"elementor-image-carousel swiper-wrapper swiper-image-stretch\" aria-live=\"off\">\n\t\t\t\t\t\t\t\t<div class=\"swiper-slide\" role=\"group\" aria-roledescription=\"slide\" aria-label=\"1 of 2\"><a data-elementor-open-lightbox=\"yes\" data-elementor-lightbox-slideshow=\"265cbd54\" data-elementor-lightbox-title=\"ruines-historiques-en-corse-fondation-du-patrimoine-corse.webp\" data-elementor-lightbox-description=\"Ruines en pierre \u00e9clair\u00e9es par le soleil, t\u00e9moignant de l\u2019histoire et des anciens \u00e9difices \u00e0 pr\u00e9server en Corse.\" data-e-action-hash=\"#elementor-action%3Aaction%3Dlightbox%26settings%3DeyJpZCI6MjU5NiwidXJsIjoiaHR0cHM6XC9cL3d3dy5tYXNkdXZhbGxhdC5jb21cL3dwLWNvbnRlbnRcL3VwbG9hZHNcLzIwMjVcLzEyXC9ydWluZXMtaGlzdG9yaXF1ZXMtZW4tY29yc2UtZm9uZGF0aW9uLWR1LXBhdHJpbW9pbmUtY29yc2Uud2VicCIsInNsaWRlc2hvdyI6IjI2NWNiZDU0In0%3D\" href=\"https:\/\/www.masduvallat.com\/wp-content\/uploads\/2025\/12\/ruines-historiques-en-corse-fondation-du-patrimoine-corse.webp\"><figure class=\"swiper-slide-inner\"><img decoding=\"async\" class=\"swiper-slide-image\" src=\"https:\/\/www.masduvallat.com\/wp-content\/uploads\/2025\/12\/ruines-historiques-en-corse-fondation-du-patrimoine-corse-1024x683.webp\" alt=\"Ruines de murs en pierre et arche ancienne au milieu de la v\u00e9g\u00e9tation\" \/><\/figure><\/a><\/div><div class=\"swiper-slide\" role=\"group\" aria-roledescription=\"slide\" aria-label=\"2 of 2\"><a data-elementor-open-lightbox=\"yes\" data-elementor-lightbox-slideshow=\"265cbd54\" data-elementor-lightbox-title=\"eglise-en-restauration-en-corse-fondation-du-patrimoine-corse.webp\" data-elementor-lightbox-description=\"Vue d\u2019une \u00e9glise en pierre dont le clocher est en restauration, illustrant les actions de pr\u00e9servation du patrimoine corse.\" data-e-action-hash=\"#elementor-action%3Aaction%3Dlightbox%26settings%3DeyJpZCI6MjU5OCwidXJsIjoiaHR0cHM6XC9cL3d3dy5tYXNkdXZhbGxhdC5jb21cL3dwLWNvbnRlbnRcL3VwbG9hZHNcLzIwMjVcLzEyXC9lZ2xpc2UtZW4tcmVzdGF1cmF0aW9uLWVuLWNvcnNlLWZvbmRhdGlvbi1kdS1wYXRyaW1vaW5lLWNvcnNlLndlYnAiLCJzbGlkZXNob3ciOiIyNjVjYmQ1NCJ9\" href=\"https:\/\/www.masduvallat.com\/wp-content\/uploads\/2025\/12\/eglise-en-restauration-en-corse-fondation-du-patrimoine-corse.webp\"><figure class=\"swiper-slide-inner\"><img decoding=\"async\" class=\"swiper-slide-image\" src=\"https:\/\/www.masduvallat.com\/wp-content\/uploads\/2025\/12\/eglise-en-restauration-en-corse-fondation-du-patrimoine-corse-1024x683.webp\" alt=\"\u00c9glise en pierre avec \u00e9chafaudage visible sur le clocher en cours de restauration\" \/><\/figure><\/a><\/div>\t\t\t<\/div>\n\t\t\t\t\t\t\t\n\t\t\t\t\t\t\t\t\t<\/div>\n\t\t\t\t\t\t<\/div>\n\t\t\t\t<\/div>\n\t\t\t\t<div class=\"elementor-element elementor-element-27d70d19 elementor-widget elementor-widget-text-editor\" data-id=\"27d70d19\" data-element_type=\"widget\" data-e-type=\"widget\" data-widget_type=\"text-editor.default\">\n\t\t\t\t<div class=\"elementor-widget-container\">\n\t\t\t\t\t\t\t\t\t<p>This love for built heritage has naturally led me to support the Heritage Foundation for the past ten years in projects to renovate old built heritage, particularly in partnership with the Corsican Heritage Foundation.<\/p><p>We continue to support restoration projects every year, thanks to tax incentives.<br \/>I invite all those who are attached to this wonderful historical heritage to support the Heritage Foundation, which plays a key role in protecting our history and the work of our ancestors.<\/p><p>Any amount of assistance, no matter how small, enables the foundation and local authorities to save many properties and restore them to their former glory.<\/p>\t\t\t\t\t\t\t\t<\/div>\n\t\t\t\t<\/div>\n\t\t\t\t<div class=\"elementor-element elementor-element-1bafe6c7 animated-fast elementor-invisible elementor-widget elementor-widget-image\" data-id=\"1bafe6c7\" data-element_type=\"widget\" data-e-type=\"widget\" data-settings=\"{&quot;_animation&quot;:&quot;fadeInUp&quot;,&quot;_animation_delay&quot;:100}\" data-widget_type=\"image.default\">\n\t\t\t\t<div class=\"elementor-widget-container\">\n\t\t\t\t\t\t\t\t\t\t\t\t\t\t\t\t<a href=\"https:\/\/www.fondation-patrimoine.org\/decouvrir-la-fondation\/notre-organisation\/delegations-regionales\/corse\/presentation\" target=\"_blank\">\n\t\t\t\t\t\t\t<img decoding=\"async\" src=\"https:\/\/www.masduvallat.com\/wp-content\/uploads\/2025\/12\/logo-fondation-patrimoine.svg\" class=\"attachment-full size-full wp-image-2600\" alt=\"Fondation du patrimoine Corse\" \/>\t\t\t\t\t\t\t\t<\/a>\n\t\t\t\t\t\t\t\t\t\t\t\t\t\t\t<\/div>\n\t\t\t\t<\/div>\n\t\t\t\t<div class=\"elementor-element elementor-element-1a4b096 elementor-align-right elementor-widget elementor-widget-button\" data-id=\"1a4b096\" data-element_type=\"widget\" data-e-type=\"widget\" data-widget_type=\"button.default\">\n\t\t\t\t<div class=\"elementor-widget-container\">\n\t\t\t\t\t\t\t\t\t<div class=\"elementor-button-wrapper\">\n\t\t\t\t\t<a class=\"elementor-button elementor-button-link elementor-size-sm\" href=\"https:\/\/www.fondation-patrimoine.org\/faire-un-don\/delegation\/corse\" target=\"_blank\">\n\t\t\t\t\t\t<span class=\"elementor-button-content-wrapper\">\n\t\t\t\t\t\t<span class=\"elementor-button-icon\">\n\t\t\t\t<i aria-hidden=\"true\" class=\"fas fa-hand-holding-usd\"><\/i>\t\t\t<\/span>\n\t\t\t\t\t\t\t\t\t<span class=\"elementor-button-text\">Make a donation<\/span>\n\t\t\t\t\t<\/span>\n\t\t\t\t\t<\/a>\n\t\t\t\t<\/div>\n\t\t\t\t\t\t\t\t<\/div>\n\t\t\t\t<\/div>\n\t\t\t\t<\/div>\n\t\t<div data-dce-background-overlay-image-url=\"https:\/\/www.masduvallat.com\/wp-content\/uploads\/2025\/12\/illustration-chambres-le-mas-du-vallat.jpg\" class=\"elementor-element elementor-element-32f8dbea e-con-full e-flex e-con e-child\" data-id=\"32f8dbea\" data-element_type=\"container\" data-e-type=\"container\">\n\t\t\t\t<div class=\"elementor-element elementor-element-60f420e2 elementor-widget elementor-widget-text-editor\" data-id=\"60f420e2\" data-element_type=\"widget\" data-e-type=\"widget\" data-widget_type=\"text-editor.default\">\n\t\t\t\t<div class=\"elementor-widget-container\">\n\t\t\t\t\t\t\t\t\t<p>Curious by nature and fascinated by nature and landscapes, I developed a passion for architecture, gardens, art, and crafts at an early age. As an epicurean, I love to travel, contemplate, and find inspiration.<\/p><p>My professional career has given me the opportunity to carry out many exciting construction and renovation projects, combining technical expertise, comfort, and sensitivity to materials and integration into the environment.<\/p><p>My golden triangle lies between Provence C\u00f4te d&#8217;Azur and Corsica. Provence for the warmth of the cicadas&#8217; song and its nuanced seasons, Corsica, the land of my ancestors, for its authenticity and its raw, unconditional beauty.<\/p><p><strong>Christophe Bizzari.<\/strong><\/p>\t\t\t\t\t\t\t\t<\/div>\n\t\t\t\t<\/div>\n\t\t\t\t<div class=\"elementor-element elementor-element-54df4d1d elementor-widget elementor-widget-image-carousel\" data-id=\"54df4d1d\" data-element_type=\"widget\" data-e-type=\"widget\" data-settings=\"{&quot;slides_to_show&quot;:&quot;1&quot;,&quot;navigation&quot;:&quot;none&quot;,&quot;autoplay&quot;:&quot;yes&quot;,&quot;pause_on_hover&quot;:&quot;yes&quot;,&quot;pause_on_interaction&quot;:&quot;yes&quot;,&quot;autoplay_speed&quot;:5000,&quot;infinite&quot;:&quot;yes&quot;,&quot;effect&quot;:&quot;slide&quot;,&quot;speed&quot;:500}\" data-widget_type=\"image-carousel.default\">\n\t\t\t\t<div class=\"elementor-widget-container\">\n\t\t\t\t\t\t\t<div class=\"elementor-image-carousel-wrapper swiper\" role=\"region\" aria-roledescription=\"carousel\" aria-label=\"Carrousel d\u2019images\" dir=\"ltr\">\n\t\t\t<div class=\"elementor-image-carousel swiper-wrapper swiper-image-stretch\" aria-live=\"off\">\n\t\t\t\t\t\t\t\t<div class=\"swiper-slide\" role=\"group\" aria-roledescription=\"slide\" aria-label=\"1 of 2\"><a data-elementor-open-lightbox=\"yes\" data-elementor-lightbox-slideshow=\"54df4d1d\" data-elementor-lightbox-title=\"panorama-sur-une-eglise-perchee-en-corse-fondation-du-patrimoine-corse.webp\" data-elementor-lightbox-description=\"Panorama d\u2019une \u00e9glise perch\u00e9e au sommet d\u2019une colline, dont le clocher est en restauration, mise en valeur par un paysage bois\u00e9 et montagneux.\" data-e-action-hash=\"#elementor-action%3Aaction%3Dlightbox%26settings%3DeyJpZCI6MjYwNCwidXJsIjoiaHR0cHM6XC9cL3d3dy5tYXNkdXZhbGxhdC5jb21cL3dwLWNvbnRlbnRcL3VwbG9hZHNcLzIwMjVcLzEyXC9wYW5vcmFtYS1zdXItdW5lLWVnbGlzZS1wZXJjaGVlLWVuLWNvcnNlLWZvbmRhdGlvbi1kdS1wYXRyaW1vaW5lLWNvcnNlLndlYnAiLCJzbGlkZXNob3ciOiI1NGRmNGQxZCJ9\" href=\"https:\/\/www.masduvallat.com\/wp-content\/uploads\/2025\/12\/panorama-sur-une-eglise-perchee-en-corse-fondation-du-patrimoine-corse.webp\"><figure class=\"swiper-slide-inner\"><img decoding=\"async\" class=\"swiper-slide-image\" src=\"https:\/\/www.masduvallat.com\/wp-content\/uploads\/2025\/12\/panorama-sur-une-eglise-perchee-en-corse-fondation-du-patrimoine-corse-1024x683.webp\" alt=\"\u00c9glise en hauteur entour\u00e9e d\u2019arbres avec un clocher en restauration\" \/><\/figure><\/a><\/div><div class=\"swiper-slide\" role=\"group\" aria-roledescription=\"slide\" aria-label=\"2 of 2\"><a data-elementor-open-lightbox=\"yes\" data-elementor-lightbox-slideshow=\"54df4d1d\" data-elementor-lightbox-title=\"clocher-ancien-surplombant-un-village-corse-fondation-du-patrimoine-corse.webp\" data-elementor-lightbox-description=\"Clocher ancien offrant une vue sur les collines et habitations voisines, symbole du patrimoine architectural corse.\" data-e-action-hash=\"#elementor-action%3Aaction%3Dlightbox%26settings%3DeyJpZCI6MjYwNiwidXJsIjoiaHR0cHM6XC9cL3d3dy5tYXNkdXZhbGxhdC5jb21cL3dwLWNvbnRlbnRcL3VwbG9hZHNcLzIwMjVcLzEyXC9jbG9jaGVyLWFuY2llbi1zdXJwbG9tYmFudC11bi12aWxsYWdlLWNvcnNlLWZvbmRhdGlvbi1kdS1wYXRyaW1vaW5lLWNvcnNlLndlYnAiLCJzbGlkZXNob3ciOiI1NGRmNGQxZCJ9\" href=\"https:\/\/www.masduvallat.com\/wp-content\/uploads\/2025\/12\/clocher-ancien-surplombant-un-village-corse-fondation-du-patrimoine-corse.webp\"><figure class=\"swiper-slide-inner\"><img decoding=\"async\" class=\"swiper-slide-image\" src=\"https:\/\/www.masduvallat.com\/wp-content\/uploads\/2025\/12\/clocher-ancien-surplombant-un-village-corse-fondation-du-patrimoine-corse-1024x683.webp\" alt=\"Clocher ancien en pierre avec ornements dominant un paysage de montagne\" \/><\/figure><\/a><\/div>\t\t\t<\/div>\n\t\t\t\t\t\t\t\n\t\t\t\t\t\t\t\t\t<\/div>\n\t\t\t\t\t\t<\/div>\n\t\t\t\t<\/div>\n\t\t\t\t<\/div>\n\t\t\t\t<\/div>\n\t\t<div class=\"elementor-element elementor-element-6e9b961b e-con-full e-flex e-con e-parent\" data-id=\"6e9b961b\" data-element_type=\"container\" data-e-type=\"container\" data-settings=\"{&quot;background_background&quot;:&quot;gradient&quot;}\">\n\t\t\t\t<div class=\"elementor-element elementor-element-3850d71c elementor-widget elementor-widget-heading\" data-id=\"3850d71c\" data-element_type=\"widget\" data-e-type=\"widget\" data-widget_type=\"heading.default\">\n\t\t\t\t<div class=\"elementor-widget-container\">\n\t\t\t\t\t<h2 class=\"elementor-heading-title elementor-size-default\">Galerie<\/h2>\t\t\t\t<\/div>\n\t\t\t\t<\/div>\n\t\t\t\t<div class=\"elementor-element elementor-element-7a4bb0ff elementor-arrows-position-inside elementor-widget elementor-widget-image-carousel\" data-id=\"7a4bb0ff\" data-element_type=\"widget\" data-e-type=\"widget\" data-settings=\"{&quot;slides_to_show&quot;:&quot;3&quot;,&quot;slides_to_show_laptop&quot;:&quot;2&quot;,&quot;slides_to_show_tablet&quot;:&quot;2&quot;,&quot;slides_to_scroll&quot;:&quot;1&quot;,&quot;slides_to_scroll_laptop&quot;:&quot;1&quot;,&quot;navigation&quot;:&quot;arrows&quot;,&quot;autoplay_speed&quot;:3000,&quot;autoplay&quot;:&quot;yes&quot;,&quot;pause_on_hover&quot;:&quot;yes&quot;,&quot;pause_on_interaction&quot;:&quot;yes&quot;,&quot;infinite&quot;:&quot;yes&quot;,&quot;speed&quot;:500,&quot;image_spacing_custom&quot;:{&quot;unit&quot;:&quot;px&quot;,&quot;size&quot;:20,&quot;sizes&quot;:[]},&quot;image_spacing_custom_widescreen&quot;:{&quot;unit&quot;:&quot;px&quot;,&quot;size&quot;:&quot;&quot;,&quot;sizes&quot;:[]},&quot;image_spacing_custom_laptop&quot;:{&quot;unit&quot;:&quot;px&quot;,&quot;size&quot;:&quot;&quot;,&quot;sizes&quot;:[]},&quot;image_spacing_custom_tablet&quot;:{&quot;unit&quot;:&quot;px&quot;,&quot;size&quot;:&quot;&quot;,&quot;sizes&quot;:[]},&quot;image_spacing_custom_mobile&quot;:{&quot;unit&quot;:&quot;px&quot;,&quot;size&quot;:&quot;&quot;,&quot;sizes&quot;:[]}}\" data-widget_type=\"image-carousel.default\">\n\t\t\t\t<div class=\"elementor-widget-container\">\n\t\t\t\t\t\t\t<div class=\"elementor-image-carousel-wrapper swiper\" role=\"region\" aria-roledescription=\"carousel\" aria-label=\"Carrousel d\u2019images\" dir=\"ltr\">\n\t\t\t<div class=\"elementor-image-carousel swiper-wrapper\" aria-live=\"off\">\n\t\t\t\t\t\t\t\t<div class=\"swiper-slide\" role=\"group\" aria-roledescription=\"slide\" aria-label=\"1 of 4\"><a data-elementor-open-lightbox=\"yes\" data-elementor-lightbox-slideshow=\"7a4bb0ff\" data-elementor-lightbox-title=\"ruelle-ancienne-dun-village-corse-fondation-du-patrimoine-corse.webp\" data-elementor-lightbox-description=\"Ruelle typique d\u2019un village corse bord\u00e9e de maisons en pierre et de v\u00e9g\u00e9tation, t\u00e9moin du charme et de l\u2019authenticit\u00e9 du patrimoine insulaire.\" data-e-action-hash=\"#elementor-action%3Aaction%3Dlightbox%26settings%3DeyJpZCI6MjYwOCwidXJsIjoiaHR0cHM6XC9cL3d3dy5tYXNkdXZhbGxhdC5jb21cL3dwLWNvbnRlbnRcL3VwbG9hZHNcLzIwMjVcLzEyXC9ydWVsbGUtYW5jaWVubmUtZHVuLXZpbGxhZ2UtY29yc2UtZm9uZGF0aW9uLWR1LXBhdHJpbW9pbmUtY29yc2Uud2VicCIsInNsaWRlc2hvdyI6IjdhNGJiMGZmIn0%3D\" href=\"https:\/\/www.masduvallat.com\/wp-content\/uploads\/2025\/12\/ruelle-ancienne-dun-village-corse-fondation-du-patrimoine-corse.webp\"><figure class=\"swiper-slide-inner\"><img decoding=\"async\" class=\"swiper-slide-image\" src=\"https:\/\/www.masduvallat.com\/wp-content\/uploads\/2025\/12\/ruelle-ancienne-dun-village-corse-fondation-du-patrimoine-corse.webp\" alt=\"Ruelle \u00e9troite entre maisons en pierre avec plantes et lumi\u00e8re du soir\" \/><\/figure><\/a><\/div><div class=\"swiper-slide\" role=\"group\" aria-roledescription=\"slide\" aria-label=\"2 of 4\"><a data-elementor-open-lightbox=\"yes\" data-elementor-lightbox-slideshow=\"7a4bb0ff\" data-elementor-lightbox-title=\"autel-restaure-dune-eglise-corse-fondation-du-patrimoine-corse.webp\" data-elementor-lightbox-description=\"Autel blanc orn\u00e9 de statues, de fleurs et d\u2019un grand tableau religieux, mis en valeur par un plafond peint n\u00e9cessitant une restauration patrimoniale.\" data-e-action-hash=\"#elementor-action%3Aaction%3Dlightbox%26settings%3DeyJpZCI6MjYxMCwidXJsIjoiaHR0cHM6XC9cL3d3dy5tYXNkdXZhbGxhdC5jb21cL3dwLWNvbnRlbnRcL3VwbG9hZHNcLzIwMjVcLzEyXC9hdXRlbC1yZXN0YXVyZS1kdW5lLWVnbGlzZS1jb3JzZS1mb25kYXRpb24tZHUtcGF0cmltb2luZS1jb3JzZS53ZWJwIiwic2xpZGVzaG93IjoiN2E0YmIwZmYifQ%3D%3D\" href=\"https:\/\/www.masduvallat.com\/wp-content\/uploads\/2025\/12\/autel-restaure-dune-eglise-corse-fondation-du-patrimoine-corse.webp\"><figure class=\"swiper-slide-inner\"><img decoding=\"async\" class=\"swiper-slide-image\" src=\"https:\/\/www.masduvallat.com\/wp-content\/uploads\/2025\/12\/autel-restaure-dune-eglise-corse-fondation-du-patrimoine-corse.webp\" alt=\"Autel blanc d\u00e9cor\u00e9 de statues, fleurs et tableau religieux sous un plafond peint\" \/><\/figure><\/a><\/div><div class=\"swiper-slide\" role=\"group\" aria-roledescription=\"slide\" aria-label=\"3 of 4\"><a data-elementor-open-lightbox=\"yes\" data-elementor-lightbox-slideshow=\"7a4bb0ff\" data-elementor-lightbox-title=\"vitraux-et-rosace-dune-cathedrale-gothique-fondation-du-patrimoine-corse.webp\" data-elementor-lightbox-description=\"Rosace et vitraux aux couleurs vives illuminant l\u2019int\u00e9rieur d\u2019une cath\u00e9drale gothique, symbole du patrimoine architectural \u00e0 pr\u00e9server.\" data-e-action-hash=\"#elementor-action%3Aaction%3Dlightbox%26settings%3DeyJpZCI6MjYxMiwidXJsIjoiaHR0cHM6XC9cL3d3dy5tYXNkdXZhbGxhdC5jb21cL3dwLWNvbnRlbnRcL3VwbG9hZHNcLzIwMjVcLzEyXC92aXRyYXV4LWV0LXJvc2FjZS1kdW5lLWNhdGhlZHJhbGUtZ290aGlxdWUtZm9uZGF0aW9uLWR1LXBhdHJpbW9pbmUtY29yc2Uud2VicCIsInNsaWRlc2hvdyI6IjdhNGJiMGZmIn0%3D\" href=\"https:\/\/www.masduvallat.com\/wp-content\/uploads\/2025\/12\/vitraux-et-rosace-dune-cathedrale-gothique-fondation-du-patrimoine-corse.webp\"><figure class=\"swiper-slide-inner\"><img decoding=\"async\" class=\"swiper-slide-image\" src=\"https:\/\/www.masduvallat.com\/wp-content\/uploads\/2025\/12\/vitraux-et-rosace-dune-cathedrale-gothique-fondation-du-patrimoine-corse.webp\" alt=\"Grande rosace color\u00e9e et vitraux dans une nef gothique \u00e9clair\u00e9e\" \/><\/figure><\/a><\/div><div class=\"swiper-slide\" role=\"group\" aria-roledescription=\"slide\" aria-label=\"4 of 4\"><a data-elementor-open-lightbox=\"yes\" data-elementor-lightbox-slideshow=\"7a4bb0ff\" data-elementor-lightbox-title=\"facade-historique-dune-cathedrale-fondation-du-patrimoine-corse.webp\" data-elementor-lightbox-description=\"Fa\u00e7ade sculpt\u00e9e d\u2019une cath\u00e9drale gothique admir\u00e9e par les visiteurs, illustrant la richesse du patrimoine religieux europ\u00e9en.\" data-e-action-hash=\"#elementor-action%3Aaction%3Dlightbox%26settings%3DeyJpZCI6MjYxNCwidXJsIjoiaHR0cHM6XC9cL3d3dy5tYXNkdXZhbGxhdC5jb21cL3dwLWNvbnRlbnRcL3VwbG9hZHNcLzIwMjVcLzEyXC9mYWNhZGUtaGlzdG9yaXF1ZS1kdW5lLWNhdGhlZHJhbGUtZm9uZGF0aW9uLWR1LXBhdHJpbW9pbmUtY29yc2Uud2VicCIsInNsaWRlc2hvdyI6IjdhNGJiMGZmIn0%3D\" href=\"https:\/\/www.masduvallat.com\/wp-content\/uploads\/2025\/12\/facade-historique-dune-cathedrale-fondation-du-patrimoine-corse.webp\"><figure class=\"swiper-slide-inner\"><img decoding=\"async\" class=\"swiper-slide-image\" src=\"https:\/\/www.masduvallat.com\/wp-content\/uploads\/2025\/12\/facade-historique-dune-cathedrale-fondation-du-patrimoine-corse.webp\" alt=\"Fa\u00e7ade monumentale d\u2019une cath\u00e9drale avec sculptures et visiteurs au pied du portail\" \/><\/figure><\/a><\/div>\t\t\t<\/div>\n\t\t\t\t\t\t\t\t\t\t\t\t<div class=\"elementor-swiper-button elementor-swiper-button-prev\" role=\"button\" tabindex=\"0\">\n\t\t\t\t\t\t<i aria-hidden=\"true\" class=\"eicon-chevron-left\"><\/i>\t\t\t\t\t<\/div>\n\t\t\t\t\t<div class=\"elementor-swiper-button elementor-swiper-button-next\" role=\"button\" tabindex=\"0\">\n\t\t\t\t\t\t<i aria-hidden=\"true\" class=\"eicon-chevron-right\"><\/i>\t\t\t\t\t<\/div>\n\t\t\t\t\n\t\t\t\t\t\t\t\t\t<\/div>\n\t\t\t\t\t\t<\/div>\n\t\t\t\t<\/div>\n\t\t\t\t<\/div>\n\t\t\t\t<\/div>\n\t\t","protected":false},"excerpt":{"rendered":"<p>This love for built heritage has naturally led me to support the Heritage Foundation for the past ten years in projects to renovate old built heritage, particularly in partnership with the Corsican Heritage Foundation. We continue to support restoration projects every year, thanks to tax incentives.I invite all those who are attached to this wonderful [&hellip;]<\/p>\n","protected":false},"author":1,"featured_media":0,"parent":0,"menu_order":0,"comment_status":"closed","ping_status":"closed","template":"","meta":{"_acf_changed":false,"footnotes":""},"class_list":["post-2637","page","type-page","status-publish","hentry"],"acf":[],"_links":{"self":[{"href":"https:\/\/www.masduvallat.com\/en\/wp-json\/wp\/v2\/pages\/2637","targetHints":{"allow":["GET"]}}],"collection":[{"href":"https:\/\/www.masduvallat.com\/en\/wp-json\/wp\/v2\/pages"}],"about":[{"href":"https:\/\/www.masduvallat.com\/en\/wp-json\/wp\/v2\/types\/page"}],"author":[{"embeddable":true,"href":"https:\/\/www.masduvallat.com\/en\/wp-json\/wp\/v2\/users\/1"}],"replies":[{"embeddable":true,"href":"https:\/\/www.masduvallat.com\/en\/wp-json\/wp\/v2\/comments?post=2637"}],"version-history":[{"count":4,"href":"https:\/\/www.masduvallat.com\/en\/wp-json\/wp\/v2\/pages\/2637\/revisions"}],"predecessor-version":[{"id":2642,"href":"https:\/\/www.masduvallat.com\/en\/wp-json\/wp\/v2\/pages\/2637\/revisions\/2642"}],"wp:attachment":[{"href":"https:\/\/www.masduvallat.com\/en\/wp-json\/wp\/v2\/media?parent=2637"}],"curies":[{"name":"wp","href":"https:\/\/api.w.org\/{rel}","templated":true}]}}